{"id":1851,"date":"2025-06-18T17:13:53","date_gmt":"2025-06-18T17:13:53","guid":{"rendered":"https:\/\/thelink-ibg.com\/?page_id=1851"},"modified":"2026-02-14T04:08:03","modified_gmt":"2026-02-14T04:08:03","slug":"contact","status":"publish","type":"page","link":"https:\/\/thelink-ibg.com\/en\/contact\/","title":{"rendered":"Contact"},"content":{"rendered":"<div class=\"brz brz-root__container brz-reset-all brz-root__container-page\">\n<section id=\"56cf540d69c63cc2c850_kVHISaOTaCmz\" class=\"brz-section brz-css-ezt23l brz-css-1okl664\">\n<div class=\"brz-section__content brz-section--boxed brz-css-10r0j6l brz-css-1a30hxu\" data-brz-custom-id=\"aM5IKJ6mIuVQ\">\n<div class=\"brz-bg\">\n<div class=\"brz-bg-image\"><\/div>\n<div class=\"brz-bg-color\"><\/div>\n<\/div>\n<div class=\"brz-container brz-css-13ut15r brz-css-9tod5e\">\n<div id=\"\" class=\"brz-css-8mwtr4 brz-css-1uqj5wr brz-wrapper\">\n<div class=\"brz-rich-text brz-rich-text__custom brz-css-z2h3vh brz-css-ynjn3i\" data-brz-custom-id=\"sMEyXzdAhXPD\">\n<div data-brz-translate-text=\"1\">\n<p class=\"brz-fs-lg-50 brz-ft-google brz-ff-poppins brz-tp-lg-empty brz-fsft-lg-0 brz-fwdth-lg-100 brz-vfw-lg-400 brz-lh-lg-1_4 brz-ls-lg-m_1_5 brz-fw-lg-700 brz-fss-lg-px brz-text-lg-center brz-css-cSEjy\" data-generated-css=\"brz-css-fZG9w\" data-uniq-id=\"nwS4y\"><span class=\"brz-cp-color8\">CONTACT<\/span><\/p>\n<\/div>\n<\/div>\n<\/div>\n<div id=\"\" class=\"brz-css-8mwtr4 brz-css-xsckxm brz-wrapper\">\n<div class=\"brz-rich-text brz-rich-text__custom brz-css-z2h3vh brz-css-1bz3qqc\" data-brz-custom-id=\"sKSfqmGhcdm3\">\n<div data-brz-translate-text=\"1\">\n<p class=\"brz-fsft-lg-0 brz-fwdth-lg-100 brz-vfw-lg-400 brz-lh-lg-1_8 brz-ls-lg-0 brz-fw-lg-400 brz-fss-lg-px brz-fs-lg-17 brz-ft-upload brz-ff-7f380b5ac21afb877cb886b340ff25d9 brz-tp-lg-empty brz-text-lg-center brz-css-hB1bV\" data-generated-css=\"brz-css-fRWQl\" data-uniq-id=\"qFJJS\"><span class=\"brz-cp-color8\">Home \/ Contact <\/span><\/p>\n<\/div>\n<\/div>\n<\/div>\n<\/div>\n<\/div>\n<\/section>\n<section id=\"s19dlM0q6h7D_s19dlM0q6h7D\" class=\"brz-section brz-css-1gfeh2l brz-css-1d8se3j\">\n<div class=\"brz-section__content brz-section--boxed brz-css-16lexbt brz-css-tk8p8r\" data-brz-custom-id=\"dCGYbgjZgtnx\">\n<div class=\"brz-bg\">\n<div class=\"brz-bg-color\"><\/div>\n<\/div>\n<div class=\"brz-container brz-css-1muvw1v brz-css-1w5buo6\">\n<div class=\"brz-row__container brz-css-1yw8ywx brz-css-ace8fq\" data-brz-custom-id=\"ytHjlaeDbInm\">\n<div class=\"brz-row brz-css-1cc7p8g brz-css-1dgizx0 brz-css-49qf6r\">\n<div class=\"brz-columns brz-css-ov55ud brz-css-epdmjg\" data-brz-custom-id=\"g3k1hSu0N2Kq\">\n<div class=\"brz-column__items brz-css-1lfo8bl brz-css-n952t0\">\n<div id=\"\" class=\"brz-css-1n6b4bg brz-css-g1hsh2 brz-wrapper\">\n<div class=\"brz-rich-text brz-rich-text__custom brz-css-1hubysn brz-css-z15tcr\" data-brz-custom-id=\"cZHBKbZwuyV6\">\n<div data-brz-translate-text=\"1\">\n<p data-uniq-id=\"kGeGJ\" data-generated-css=\"brz-css-qvXVy\" class=\"brz-tp-lg-empty brz-ff-montserrat brz-ft-google brz-fs-lg-20 brz-fss-lg-px brz-fw-lg-400 brz-ls-lg-0 brz-lh-lg-1_5 brz-vfw-lg-400 brz-fwdth-lg-100 brz-fsft-lg-0 brz-css-miOpe\"><span class=\"brz-cp-color7\" style=\"opacity: 0.7\">CONTACT<\/span><\/p>\n<\/div>\n<\/div>\n<\/div>\n<div id=\"\" class=\"brz-css-1n6b4bg brz-css-jz9h08 brz-wrapper\">\n<div class=\"brz-rich-text brz-rich-text__custom brz-css-1hubysn brz-css-10wsea9\" data-brz-custom-id=\"kBRYSKVfA0Mv\">\n<div data-brz-translate-text=\"1\">\n<p class=\"brz-fss-lg-px brz-fw-lg-700 brz-ls-lg-m_1_5 brz-lh-lg-1_3 brz-vfw-lg-400 brz-fwdth-lg-100 brz-fsft-lg-0 brz-tp-lg-empty brz-ff-montserrat brz-ft-google brz-fs-lg-30 brz-css-vEjMz\" data-generated-css=\"brz-css-kiiX0\" data-uniq-id=\"rNeDJ\"><span class=\"brz-cp-color2\">Make an appointment<\/span><\/p>\n<\/div>\n<\/div>\n<\/div>\n<div id=\"\" class=\"brz-css-1n6b4bg brz-css-l6ucld brz-css-czob44 brz-wrapper\">\n<div class=\"brz-spacer brz-css-1h1myzi brz-css-vkx5wy\"><\/div>\n<\/div>\n<div id=\"\" class=\"brz-css-1n6b4bg brz-css-omlumh brz-wrapper\">\n<div class=\"brz-rich-text brz-rich-text__custom brz-css-1hubysn brz-css-l6k4yf\" data-brz-custom-id=\"n1_E5SMqBpW2\">\n<div data-brz-translate-text=\"1\">\n<p class=\"brz-fw-lg-500 brz-fss-lg-px brz-fs-lg-16 brz-ft-google brz-ff-poppins brz-tp-lg-empty brz-fsft-lg-0 brz-fwdth-lg-100 brz-vfw-lg-400 brz-lh-lg-1_5 brz-ls-lg-0 brz-css-xdHDL\" data-generated-css=\"brz-css-sxrjz\" data-uniq-id=\"eNLZW\"><span class=\"brz-cp-color2\">infos@thelink-ibg.com<\/span><\/p>\n<\/div>\n<\/div>\n<\/div>\n<\/div>\n<\/div>\n<div class=\"brz-columns brz-css-ov55ud brz-css-1yjlbt9\" data-brz-custom-id=\"vKwj4GU49TOi\">\n<div class=\"brz-column__items brz-css-1lfo8bl brz-css-3xyyg1\">\n<div id=\"\" class=\"brz-css-1n6b4bg brz-css-1e8oiw2 brz-wrapper\">\n<div data-brz-form-version=\"2\" class=\"brz-forms2 brz-css-1ny6z0s brz-css-k1dmdw\" data-brz-custom-id=\"tmPx4G2WFlRa\">\n<div data-brz-translate-text=\"1\" class=\"brz-forms2__item brz-css-7app6l brz-css-15d201j brz-css-xxxqnj brz-css-1sblsgh\"><\/div>\n<div data-brz-translate-text=\"1\" class=\"brz-forms2__item brz-css-7app6l brz-css-15d201j brz-css-xxxqnj brz-css-1ibn9ek\"><\/div>\n<div data-brz-translate-text=\"1\" class=\"brz-forms2__item brz-css-7app6l brz-css-15d201j brz-css-xxxqnj brz-css-wi67uz\"><\/div>\n<div data-brz-translate-text=\"1\" class=\"brz-forms2__item brz-css-7app6l brz-css-15d201j brz-css-xxxqnj brz-css-gi29q7\"><textarea id=\"u1Z4CMxQPWyk_a7410358cbfa3ea2f384\" name=\"mkEq9qjrgG_h\" data-brz-type=\"Paragraph\" data-brz-label=\"Messages\" data-brz-placeholder=\"Messages\" class=\"brz-textarea brz-forms2__field brz-forms2__field-paragraph\"><\/textarea><\/div>\n<div class=\"brz-forms2 brz-forms2__item brz-forms2__item-button\" data-brz-custom-id=\"tmPx4G2WFlRa\"><button class=\"brz-btn brz-btn-submit brz-css-1cxs5oz brz-css-1q2208x\" data-brz-custom-id=\"al6dOdnkybuB\"><span data-brz-translate-text=\"1\" class=\"brz-span brz-text__editor\">Send<\/span><\/button><\/div>\n<div class=\"brz-g-recaptcha\" data-sitekey=\"\" data-size=\"invisible\" data-callback=\"brzFormV2Captcha\"><\/div>\n<\/div>\n<\/div>\n<\/div>\n<\/div>\n<\/div>\n<\/div>\n<\/div>\n<\/div>\n<\/section>\n<section id=\"m_AtbZuTuX0W_m_AtbZuTuX0W\" class=\"brz-section brz-css-1ecymr1 brz-css-lctsmi\">\n<div class=\"brz-section__content brz-section--boxed brz-css-1slwsfd brz-css-18y7k91\" data-brz-custom-id=\"iIWkmw7q1RE5\">\n<div class=\"brz-bg\">\n<div class=\"brz-bg-image\"><\/div>\n<div class=\"brz-bg-color\"><\/div>\n<\/div>\n<div class=\"brz-container brz-css-72m74f brz-css-4gkv15\">\n<div id=\"\" class=\"brz-css-1d41bcs brz-css-f02cay brz-wrapper\">\n<div class=\"brz-rich-text brz-rich-text__custom brz-css-ej7jt1 brz-css-1ktza8q\" data-brz-custom-id=\"yTsJG8JD4wEo\">\n<div data-brz-translate-text=\"1\">\n<p class=\"brz-fsft-lg-0 brz-fwdth-lg-100 brz-vfw-lg-400 brz-lh-lg-1_4 brz-ls-lg-0 brz-fw-lg-700 brz-fss-lg-px brz-fs-lg-34 brz-ft-google brz-ff-poppins brz-tp-lg-empty brz-text-lg-center brz-fss-xs-px brz-fw-xs-700 brz-ls-xs-0 brz-lh-xs-1_3 brz-tp-xs-empty brz-fs-xs-25 brz-css-i8FRg\" data-generated-css=\"brz-css-uH6l7\" data-uniq-id=\"p0VvY\"><span class=\"brz-cp-color8\">Join us<\/span><\/p>\n<\/div>\n<\/div>\n<\/div>\n<div id=\"\" class=\"brz-css-1d41bcs brz-css-nl4a9m brz-wrapper\">\n<div class=\"brz-rich-text brz-rich-text__custom brz-css-ej7jt1 brz-css-xe4003\" data-brz-custom-id=\"nw_2dMVnxM2L\">\n<div data-brz-translate-text=\"1\">\n<p class=\"brz-text-lg-center brz-fss-xs-px brz-fw-xs-400 brz-ls-xs-0 brz-lh-xs-1_7 brz-tp-xs-empty brz-fs-xs-14 brz-tp-lg-empty brz-ff-7f380b5ac21afb877cb886b340ff25d9 brz-ft-upload brz-fs-lg-18 brz-fss-lg-px brz-fw-lg-400 brz-ls-lg-0 brz-lh-lg-1_7 brz-vfw-lg-400 brz-fwdth-lg-100 brz-fsft-lg-0 brz-css-zEwg1\" data-uniq-id=\"y1MNa\" data-generated-css=\"brz-css-zjeC9\"><span class=\"brz-cp-color8\">Send us your email address and we will contact you.<\/span><\/p>\n<\/div>\n<\/div>\n<\/div>\n<div id=\"\" class=\"brz-css-1d41bcs brz-css-ewh7dh brz-wrapper\">\n<div data-brz-form-version=\"2\" class=\"brz-forms2 brz-css-rqp2ze brz-css-h0bmtd\" data-brz-custom-id=\"bzf3yccRcSGV\">\n<div data-brz-translate-text=\"1\" class=\"brz-forms2__item brz-css-1zhf79 brz-css-z3qsam brz-css-13gbhd3 brz-css-1var5fe\"><\/div>\n<div class=\"brz-forms2 brz-forms2__item brz-forms2__item-button\" data-brz-custom-id=\"bzf3yccRcSGV\"><button class=\"brz-btn brz-btn-submit brz-css-1sds75x brz-css-8ors9e\" data-brz-custom-id=\"qfEz5V470ljd\"><span data-brz-translate-text=\"1\" class=\"brz-span brz-text__editor\">SEND<\/span><\/button><\/div>\n<div class=\"brz-g-recaptcha\" data-sitekey=\"\" data-size=\"invisible\" data-callback=\"brzFormV2Captcha\"><\/div>\n<\/div>\n<\/div>\n<div id=\"\" class=\"brz-css-1d41bcs brz-css-1ehf8g7 brz-css-xynvx0 brz-wrapper\">\n<div class=\"brz-spacer brz-css-1c4wfqu brz-css-15v0pxy\"><\/div>\n<\/div>\n<\/div>\n<\/div>\n<\/section>\n<section id=\"ee4190ee8f8b8ccb72db_uvAxE2ysBH08\" class=\"brz-section brz-css-1k5e8wi brz-css-y3738w\">\n<div class=\"brz-section__content brz-section--boxed brz-css-vzf3ck brz-css-1juzlsi\" data-brz-custom-id=\"mB6PYfyEgngd\">\n<div class=\"brz-bg\">\n<div class=\"brz-bg-color\"><\/div>\n<\/div>\n<div class=\"brz-container brz-css-oopupa brz-css-1ak33yb\">\n<div id=\"\" class=\"brz-css-mhxtlv brz-css-20iusq brz-wrapper\">\n<div class=\"brz-rich-text brz-rich-text__custom brz-css-16itai7 brz-css-1h1z761\" data-brz-custom-id=\"nwmBY6UAgkgm\">\n<div data-brz-translate-text=\"1\">\n<p class=\"brz-fsft-lg-0 brz-fwdth-lg-100 brz-vfw-lg-400 brz-lh-lg-1_9 brz-ls-lg-0 brz-fw-lg-400 brz-fss-lg-px brz-fs-lg-16 brz-ft-google brz-ff-montserrat brz-tp-lg-empty brz-text-lg-center brz-lh-sm-1_6 brz-lh-xs-1_6 brz-fs-sm-15 brz-fs-xs-15 brz-ls-sm-0 brz-ls-xs-0 brz-fw-sm-500 brz-fw-xs-500 brz-css-xSILo\" data-generated-css=\"brz-css-cTMnI\" data-uniq-id=\"lnWLQ\"><span class=\"brz-cp-color8\">\u00a9 Thelink2025<\/span><\/p>\n<\/div>\n<\/div>\n<\/div>\n<\/div>\n<\/div>\n<\/section><\/div>\n<p><!-- version:1759413177 --><\/p>","protected":false},"excerpt":{"rendered":"<p>CONTACT Accueil \/ Contact CONTACT Prendre rendez-vous infos@thelink-ibg.com Envoyer Nous rejoindre Envoyez votre adresse \u00e9lectronique et nous vous contacterons. ENVOYER \u00a9 Thelink2025<\/p>","protected":false},"author":1,"featured_media":0,"parent":0,"menu_order":0,"comment_status":"closed","ping_status":"closed","template":"brizy-blank-template.php","meta":{"om_disable_all_campaigns":false,"_monsterinsights_skip_tracking":false,"_monsterinsights_sitenote_active":false,"_monsterinsights_sitenote_note":"","_monsterinsights_sitenote_category":0,"site-sidebar-layout":"default","site-content-layout":"","ast-site-content-layout":"default","site-content-style":"default","site-sidebar-style":"default","ast-global-header-display":"","ast-banner-title-visibility":"","ast-main-header-display":"","ast-hfb-above-header-display":"","ast-hfb-below-header-display":"","ast-hfb-mobile-header-display":"","site-post-title":"","ast-breadcrumbs-content":"","ast-featured-img":"","footer-sml-layout":"","theme-transparent-header-meta":"","adv-header-id-meta":"","stick-header-meta":"","header-above-stick-meta":"","header-main-stick-meta":"","header-below-stick-meta":"","astra-migrate-meta-layouts":"set","ast-page-background-enabled":"default","ast-page-background-meta":{"desktop":{"background-color":"","background-image":"","background-repeat":"repeat","background-position":"center center","background-size":"auto","background-attachment":"scroll","background-type":"","background-media":"","overlay-type":"","overlay-color":"","overlay-opacity":"","overlay-gradient":""},"tablet":{"background-color":"","background-image":"","background-repeat":"repeat","background-position":"center center","background-size":"auto","background-attachment":"scroll","background-type":"","background-media":"","overlay-type":"","overlay-color":"","overlay-opacity":"","overlay-gradient":""},"mobile":{"background-color":"","background-image":"","background-repeat":"repeat","background-position":"center center","background-size":"auto","background-attachment":"scroll","background-type":"","background-media":"","overlay-type":"","overlay-color":"","overlay-opacity":"","overlay-gradient":""}},"ast-content-background-meta":{"desktop":{"background-color":"var(--ast-global-color-5)","background-image":"","background-repeat":"repeat","background-position":"center center","background-size":"auto","background-attachment":"scroll","background-type":"","background-media":"","overlay-type":"","overlay-color":"","overlay-opacity":"","overlay-gradient":""},"tablet":{"background-color":"var(--ast-global-color-5)","background-image":"","background-repeat":"repeat","background-position":"center center","background-size":"auto","background-attachment":"scroll","background-type":"","background-media":"","overlay-type":"","overlay-color":"","overlay-opacity":"","overlay-gradient":""},"mobile":{"background-color":"var(--ast-global-color-5)","background-image":"","background-repeat":"repeat","background-position":"center center","background-size":"auto","background-attachment":"scroll","background-type":"","background-media":"","overlay-type":"","overlay-color":"","overlay-opacity":"","overlay-gradient":""}},"footnotes":""},"class_list":["post-1851","page","type-page","status-publish","hentry"],"yoast_head":"<!-- This site is optimized with the Yoast SEO plugin v26.9 - https:\/\/yoast.com\/product\/yoast-seo-wordpress\/ -->\n<title>Contact The Link - International Business Group<\/title>\n<meta name=\"description\" content=\"Contactez nous d\u00e8s maintenant Vous avez une question, un projet \u00e0 d\u00e9velopper ou besoin d\u2019un accompagnement personnalis\u00e9 ? Notre \u00e9quipe est disponible pour vous apporter des conseils clairs et adapt\u00e9s \u00e0 vos objectifs. Contactez nous d\u00e8s maintenant pour obtenir une r\u00e9ponse rapide et professionnelle.\" \/>\n<meta name=\"robots\" content=\"index, follow, max-snippet:-1, max-image-preview:large, max-video-preview:-1\" \/>\n<link rel=\"canonical\" href=\"https:\/\/thelink-ibg.com\/en\/contact\/\" \/>\n<meta property=\"og:locale\" content=\"en_US\" \/>\n<meta property=\"og:type\" content=\"article\" \/>\n<meta property=\"og:title\" content=\"Contact The Link - International Business Group\" \/>\n<meta property=\"og:description\" content=\"Contactez nous d\u00e8s maintenant Vous avez une question, un projet \u00e0 d\u00e9velopper ou besoin d\u2019un accompagnement personnalis\u00e9 ? Notre \u00e9quipe est disponible pour vous apporter des conseils clairs et adapt\u00e9s \u00e0 vos objectifs. Contactez nous d\u00e8s maintenant pour obtenir une r\u00e9ponse rapide et professionnelle.\" \/>\n<meta property=\"og:url\" content=\"https:\/\/thelink-ibg.com\/en\/contact\/\" \/>\n<meta property=\"og:site_name\" content=\"thelink-ibg.com\" \/>\n<meta property=\"article:publisher\" content=\"https:\/\/web.facebook.com\/profile.php?id=61576640619003\" \/>\n<meta property=\"article:modified_time\" content=\"2026-02-14T04:08:03+00:00\" \/>\n<meta property=\"og:image\" content=\"https:\/\/thelink-ibg.com\/wp-content\/uploads\/2025\/07\/pdg-en-costume-elegant-et-lunettes-pointant-un-stylo-sur-des-papiers-sur-la-table-en-face-de-lu-scaled.jpg\" \/>\n\t<meta property=\"og:image:width\" content=\"2560\" \/>\n\t<meta property=\"og:image:height\" content=\"1707\" \/>\n\t<meta property=\"og:image:type\" content=\"image\/jpeg\" \/>\n<meta name=\"twitter:card\" content=\"summary_large_image\" \/>\n<meta name=\"twitter:label1\" content=\"Est. reading time\" \/>\n\t<meta name=\"twitter:data1\" content=\"1 minute\" \/>\n<script type=\"application\/ld+json\" class=\"yoast-schema-graph\">{\"@context\":\"https:\/\/schema.org\",\"@graph\":[{\"@type\":\"Article\",\"@id\":\"https:\/\/thelink-ibg.com\/contact\/#article\",\"isPartOf\":{\"@id\":\"https:\/\/thelink-ibg.com\/contact\/\"},\"author\":{\"name\":\"r.franck.aguili@gmail.com\",\"@id\":\"https:\/\/thelink-ibg.com\/#\/schema\/person\/60413587259b90bad084533c4812005b\"},\"headline\":\"Contact\",\"datePublished\":\"2025-06-18T17:13:53+00:00\",\"dateModified\":\"2026-02-14T04:08:03+00:00\",\"mainEntityOfPage\":{\"@id\":\"https:\/\/thelink-ibg.com\/contact\/\"},\"wordCount\":23,\"publisher\":{\"@id\":\"https:\/\/thelink-ibg.com\/#organization\"},\"inLanguage\":\"en-US\"},{\"@type\":\"WebPage\",\"@id\":\"https:\/\/thelink-ibg.com\/contact\/\",\"url\":\"https:\/\/thelink-ibg.com\/contact\/\",\"name\":\"Contact The Link - International Business Group\",\"isPartOf\":{\"@id\":\"https:\/\/thelink-ibg.com\/#website\"},\"datePublished\":\"2025-06-18T17:13:53+00:00\",\"dateModified\":\"2026-02-14T04:08:03+00:00\",\"description\":\"Contactez nous d\u00e8s maintenant Vous avez une question, un projet \u00e0 d\u00e9velopper ou besoin d\u2019un accompagnement personnalis\u00e9 ? Notre \u00e9quipe est disponible pour vous apporter des conseils clairs et adapt\u00e9s \u00e0 vos objectifs. Contactez nous d\u00e8s maintenant pour obtenir une r\u00e9ponse rapide et professionnelle.\",\"breadcrumb\":{\"@id\":\"https:\/\/thelink-ibg.com\/contact\/#breadcrumb\"},\"inLanguage\":\"en-US\",\"potentialAction\":[{\"@type\":\"ReadAction\",\"target\":[\"https:\/\/thelink-ibg.com\/contact\/\"]}]},{\"@type\":\"BreadcrumbList\",\"@id\":\"https:\/\/thelink-ibg.com\/contact\/#breadcrumb\",\"itemListElement\":[{\"@type\":\"ListItem\",\"position\":1,\"name\":\"Accueil\",\"item\":\"https:\/\/thelink-ibg.com\/\"},{\"@type\":\"ListItem\",\"position\":2,\"name\":\"Contact\"}]},{\"@type\":\"WebSite\",\"@id\":\"https:\/\/thelink-ibg.com\/#website\",\"url\":\"https:\/\/thelink-ibg.com\/\",\"name\":\"www.thelink-ibg.com\",\"description\":\"Nous avons plus de 25 ann\u00e9es d&#039;exp\u00e9riences  multi-sectorielles sur les  March\u00e9s de la CEMAC\",\"publisher\":{\"@id\":\"https:\/\/thelink-ibg.com\/#organization\"},\"alternateName\":\"The Link\",\"potentialAction\":[{\"@type\":\"SearchAction\",\"target\":{\"@type\":\"EntryPoint\",\"urlTemplate\":\"https:\/\/thelink-ibg.com\/?s={search_term_string}\"},\"query-input\":{\"@type\":\"PropertyValueSpecification\",\"valueRequired\":true,\"valueName\":\"search_term_string\"}}],\"inLanguage\":\"en-US\"},{\"@type\":\"Organization\",\"@id\":\"https:\/\/thelink-ibg.com\/#organization\",\"name\":\"The Link\",\"alternateName\":\"The Link - Ibg\",\"url\":\"https:\/\/thelink-ibg.com\/\",\"logo\":{\"@type\":\"ImageObject\",\"inLanguage\":\"en-US\",\"@id\":\"https:\/\/thelink-ibg.com\/#\/schema\/logo\/image\/\",\"url\":\"https:\/\/thelink-ibg.com\/wp-content\/uploads\/2025\/11\/Logo-TheLink-White.png\",\"contentUrl\":\"https:\/\/thelink-ibg.com\/wp-content\/uploads\/2025\/11\/Logo-TheLink-White.png\",\"width\":512,\"height\":512,\"caption\":\"The Link\"},\"image\":{\"@id\":\"https:\/\/thelink-ibg.com\/#\/schema\/logo\/image\/\"},\"sameAs\":[\"https:\/\/web.facebook.com\/profile.php?id=61576640619003\"]},{\"@type\":\"Person\",\"@id\":\"https:\/\/thelink-ibg.com\/#\/schema\/person\/60413587259b90bad084533c4812005b\",\"name\":\"r.franck.aguili@gmail.com\",\"image\":{\"@type\":\"ImageObject\",\"inLanguage\":\"en-US\",\"@id\":\"https:\/\/thelink-ibg.com\/#\/schema\/person\/image\/\",\"url\":\"https:\/\/secure.gravatar.com\/avatar\/da0a07aae1f0623b29e6f17bb53b2ff300924c3f000c2bdf0eefe511d32dddbe?s=96&d=mm&r=g\",\"contentUrl\":\"https:\/\/secure.gravatar.com\/avatar\/da0a07aae1f0623b29e6f17bb53b2ff300924c3f000c2bdf0eefe511d32dddbe?s=96&d=mm&r=g\",\"caption\":\"r.franck.aguili@gmail.com\"},\"sameAs\":[\"http:\/\/thelink-ibg.com\"]}]}<\/script>\n<!-- \/ Yoast SEO plugin. -->","yoast_head_json":{"title":"Contact The Link - International Business Group","description":"Contactez nous d\u00e8s maintenant Vous avez une question, un projet \u00e0 d\u00e9velopper ou besoin d\u2019un accompagnement personnalis\u00e9 ? Notre \u00e9quipe est disponible pour vous apporter des conseils clairs et adapt\u00e9s \u00e0 vos objectifs. Contactez nous d\u00e8s maintenant pour obtenir une r\u00e9ponse rapide et professionnelle.","robots":{"index":"index","follow":"follow","max-snippet":"max-snippet:-1","max-image-preview":"max-image-preview:large","max-video-preview":"max-video-preview:-1"},"canonical":"https:\/\/thelink-ibg.com\/en\/contact\/","og_locale":"en_US","og_type":"article","og_title":"Contact The Link - International Business Group","og_description":"Contactez nous d\u00e8s maintenant Vous avez une question, un projet \u00e0 d\u00e9velopper ou besoin d\u2019un accompagnement personnalis\u00e9 ? Notre \u00e9quipe est disponible pour vous apporter des conseils clairs et adapt\u00e9s \u00e0 vos objectifs. Contactez nous d\u00e8s maintenant pour obtenir une r\u00e9ponse rapide et professionnelle.","og_url":"https:\/\/thelink-ibg.com\/en\/contact\/","og_site_name":"thelink-ibg.com","article_publisher":"https:\/\/web.facebook.com\/profile.php?id=61576640619003","article_modified_time":"2026-02-14T04:08:03+00:00","og_image":[{"width":2560,"height":1707,"url":"https:\/\/thelink-ibg.com\/wp-content\/uploads\/2025\/07\/pdg-en-costume-elegant-et-lunettes-pointant-un-stylo-sur-des-papiers-sur-la-table-en-face-de-lu-scaled.jpg","type":"image\/jpeg"}],"twitter_card":"summary_large_image","twitter_misc":{"Est. reading time":"1 minute"},"schema":{"@context":"https:\/\/schema.org","@graph":[{"@type":"Article","@id":"https:\/\/thelink-ibg.com\/contact\/#article","isPartOf":{"@id":"https:\/\/thelink-ibg.com\/contact\/"},"author":{"name":"r.franck.aguili@gmail.com","@id":"https:\/\/thelink-ibg.com\/#\/schema\/person\/60413587259b90bad084533c4812005b"},"headline":"Contact","datePublished":"2025-06-18T17:13:53+00:00","dateModified":"2026-02-14T04:08:03+00:00","mainEntityOfPage":{"@id":"https:\/\/thelink-ibg.com\/contact\/"},"wordCount":23,"publisher":{"@id":"https:\/\/thelink-ibg.com\/#organization"},"inLanguage":"en-US"},{"@type":"WebPage","@id":"https:\/\/thelink-ibg.com\/contact\/","url":"https:\/\/thelink-ibg.com\/contact\/","name":"Contact The Link - International Business Group","isPartOf":{"@id":"https:\/\/thelink-ibg.com\/#website"},"datePublished":"2025-06-18T17:13:53+00:00","dateModified":"2026-02-14T04:08:03+00:00","description":"Contactez nous d\u00e8s maintenant Vous avez une question, un projet \u00e0 d\u00e9velopper ou besoin d\u2019un accompagnement personnalis\u00e9 ? Notre \u00e9quipe est disponible pour vous apporter des conseils clairs et adapt\u00e9s \u00e0 vos objectifs. Contactez nous d\u00e8s maintenant pour obtenir une r\u00e9ponse rapide et professionnelle.","breadcrumb":{"@id":"https:\/\/thelink-ibg.com\/contact\/#breadcrumb"},"inLanguage":"en-US","potentialAction":[{"@type":"ReadAction","target":["https:\/\/thelink-ibg.com\/contact\/"]}]},{"@type":"BreadcrumbList","@id":"https:\/\/thelink-ibg.com\/contact\/#breadcrumb","itemListElement":[{"@type":"ListItem","position":1,"name":"Accueil","item":"https:\/\/thelink-ibg.com\/"},{"@type":"ListItem","position":2,"name":"Contact"}]},{"@type":"WebSite","@id":"https:\/\/thelink-ibg.com\/#website","url":"https:\/\/thelink-ibg.com\/","name":"www.thelink-ibg.com","description":"Nous avons plus de 25 ann\u00e9es d&#039;exp\u00e9riences  multi-sectorielles sur les  March\u00e9s de la CEMAC","publisher":{"@id":"https:\/\/thelink-ibg.com\/#organization"},"alternateName":"The Link","potentialAction":[{"@type":"SearchAction","target":{"@type":"EntryPoint","urlTemplate":"https:\/\/thelink-ibg.com\/?s={search_term_string}"},"query-input":{"@type":"PropertyValueSpecification","valueRequired":true,"valueName":"search_term_string"}}],"inLanguage":"en-US"},{"@type":"Organization","@id":"https:\/\/thelink-ibg.com\/#organization","name":"The Link","alternateName":"The Link - Ibg","url":"https:\/\/thelink-ibg.com\/","logo":{"@type":"ImageObject","inLanguage":"en-US","@id":"https:\/\/thelink-ibg.com\/#\/schema\/logo\/image\/","url":"https:\/\/thelink-ibg.com\/wp-content\/uploads\/2025\/11\/Logo-TheLink-White.png","contentUrl":"https:\/\/thelink-ibg.com\/wp-content\/uploads\/2025\/11\/Logo-TheLink-White.png","width":512,"height":512,"caption":"The Link"},"image":{"@id":"https:\/\/thelink-ibg.com\/#\/schema\/logo\/image\/"},"sameAs":["https:\/\/web.facebook.com\/profile.php?id=61576640619003"]},{"@type":"Person","@id":"https:\/\/thelink-ibg.com\/#\/schema\/person\/60413587259b90bad084533c4812005b","name":"r.franck.aguili@gmail.com","image":{"@type":"ImageObject","inLanguage":"en-US","@id":"https:\/\/thelink-ibg.com\/#\/schema\/person\/image\/","url":"https:\/\/secure.gravatar.com\/avatar\/da0a07aae1f0623b29e6f17bb53b2ff300924c3f000c2bdf0eefe511d32dddbe?s=96&d=mm&r=g","contentUrl":"https:\/\/secure.gravatar.com\/avatar\/da0a07aae1f0623b29e6f17bb53b2ff300924c3f000c2bdf0eefe511d32dddbe?s=96&d=mm&r=g","caption":"r.franck.aguili@gmail.com"},"sameAs":["http:\/\/thelink-ibg.com"]}]}},"brizy_media":[],"_links":{"self":[{"href":"https:\/\/thelink-ibg.com\/en\/wp-json\/wp\/v2\/pages\/1851","targetHints":{"allow":["GET"]}}],"collection":[{"href":"https:\/\/thelink-ibg.com\/en\/wp-json\/wp\/v2\/pages"}],"about":[{"href":"https:\/\/thelink-ibg.com\/en\/wp-json\/wp\/v2\/types\/page"}],"author":[{"embeddable":true,"href":"https:\/\/thelink-ibg.com\/en\/wp-json\/wp\/v2\/users\/1"}],"replies":[{"embeddable":true,"href":"https:\/\/thelink-ibg.com\/en\/wp-json\/wp\/v2\/comments?post=1851"}],"version-history":[{"count":14,"href":"https:\/\/thelink-ibg.com\/en\/wp-json\/wp\/v2\/pages\/1851\/revisions"}],"predecessor-version":[{"id":2417,"href":"https:\/\/thelink-ibg.com\/en\/wp-json\/wp\/v2\/pages\/1851\/revisions\/2417"}],"wp:attachment":[{"href":"https:\/\/thelink-ibg.com\/en\/wp-json\/wp\/v2\/media?parent=1851"}],"curies":[{"name":"wp","href":"https:\/\/api.w.org\/{rel}","templated":true}]}}